{"id":480,"date":"2020-09-14T17:27:14","date_gmt":"2020-09-14T17:27:14","guid":{"rendered":"https:\/\/taekwondosanlorenzo.es\/Blog\/?page_id=480"},"modified":"2025-12-02T22:13:23","modified_gmt":"2025-12-02T22:13:23","slug":"hoja-inscripcion","status":"publish","type":"page","link":"https:\/\/taekwondosanlorenzo.es\/Blog\/hoja-inscripcion\/","title":{"rendered":"Hoja Inscripci\u00f3n"},"content":{"rendered":"\n<p>Pulsa el bot\u00f3n e inscribirte <\/p>\n\n\n\n<div class=\"wp-block-buttons is-content-justification-center is-layout-flex wp-container-core-buttons-is-layout-16018d1d wp-block-buttons-is-layout-flex\">\n<div class=\"wp-block-button\"><a class=\"wp-block-button__link has-luminous-vivid-amber-color has-black-background-color has-text-color has-background wp-element-button\" href=\"https:\/\/intranet.coedpi.es\/servicios\/hoja-inscripcion\/?c=am-la-sierra-san-lorenzo-prematricula\" target=\"_blank\" rel=\"noreferrer noopener\"><strong>Inscribirte aqu\u00ed<\/strong><br><strong>San Lorenzo<\/strong><\/a><\/div>\n\n\n\n<div class=\"wp-block-button\"><a class=\"wp-block-button__link has-luminous-vivid-amber-color has-black-background-color has-text-color has-background wp-element-button\" href=\"https:\/\/intranet.coedpi.es\/servicios\/hoja-inscripcion\/?c=am-la-sierra-torrelodones-prematricula\" target=\"_blank\" rel=\"noreferrer noopener\"><strong>Inscribirte aqu\u00ed<br>Torrelodones<\/strong><\/a><\/div>\n\n\n\n<div class=\"wp-block-button is-style-fill\"><a class=\"wp-block-button__link has-luminous-vivid-amber-color has-black-background-color has-text-color has-background wp-element-button\" href=\"https:\/\/intranet.coedpi.es\/servicios\/hoja-inscripcion\/?c=am-la-sierra-guijo-prematricula\" target=\"_blank\" rel=\"noreferrer noopener\"><strong>Inscribirte Aqu\u00ed<br>Guijo<\/strong><\/a><\/div>\n\n\n\n<div class=\"wp-block-button is-style-fill\"><a class=\"wp-block-button__link has-luminous-vivid-amber-color has-black-background-color has-text-color has-background wp-element-button\" href=\"https:\/\/intranet.coedpi.es\/servicios\/hoja-inscripcion\/?c=club-taekwondo-hoyo-de-manzanares\" target=\"_blank\" rel=\"noreferrer noopener\"><strong>Inscribete Aqu\u00ed Hoyo de Manzanares<\/strong><\/a><\/div>\n<\/div>\n\n\n\n<p>.<\/p>\n\n\n\n<p><strong>Matricula<\/strong>: En nuestro club <strong>NO<\/strong> tenemos Matr\u00edcula, per es obligatorio todos los a\u00f1os a principio de temporada escoger una opci\u00f3n que te aporte un seguro de accidentes del club o bien:<br>&#8211; Licencia Federativa (preguntar en el club)<br>&#8211; Afiliaci\u00f3n COEDPI (preguntar en el club)<\/p>\n<p><strong>Precio Mensual:<\/strong> 30\u20ac al mes por persona<\/p>\n<p><strong>Precio Trimestral:<\/strong> 85\u20ac al trimestre por persona (en vez de 90\u20ac)<\/p>\n\n\n\n\n\n\n","protected":false},"excerpt":{"rendered":"<p>Pulsa el bot\u00f3n e inscribirte . Matricula: En nuestro club NO tenemos Matr\u00edcula, per es obligatorio todos los a\u00f1os a principio de temporada escoger una opci\u00f3n que te aporte un seguro de accidentes del club o bien:&#8211; Licencia Federativa (preguntar en el club)&#8211; Afiliaci\u00f3n COEDPI (preguntar en el club) Precio Mensual: 30\u20ac al mes por [&hellip;]<\/p>\n","protected":false},"author":2,"featured_media":0,"parent":0,"menu_order":0,"comment_status":"closed","ping_status":"closed","template":"","meta":{"_exactmetrics_skip_tracking":false,"_exactmetrics_sitenote_active":false,"_exactmetrics_sitenote_note":"","_exactmetrics_sitenote_category":0,"_joinchat":[],"footnotes":""},"class_list":["post-480","page","type-page","status-publish","hentry"],"_links":{"self":[{"href":"https:\/\/taekwondosanlorenzo.es\/Blog\/wp-json\/wp\/v2\/pages\/480","targetHints":{"allow":["GET"]}}],"collection":[{"href":"https:\/\/taekwondosanlorenzo.es\/Blog\/wp-json\/wp\/v2\/pages"}],"about":[{"href":"https:\/\/taekwondosanlorenzo.es\/Blog\/wp-json\/wp\/v2\/types\/page"}],"author":[{"embeddable":true,"href":"https:\/\/taekwondosanlorenzo.es\/Blog\/wp-json\/wp\/v2\/users\/2"}],"replies":[{"embeddable":true,"href":"https:\/\/taekwondosanlorenzo.es\/Blog\/wp-json\/wp\/v2\/comments?post=480"}],"version-history":[{"count":20,"href":"https:\/\/taekwondosanlorenzo.es\/Blog\/wp-json\/wp\/v2\/pages\/480\/revisions"}],"predecessor-version":[{"id":2602,"href":"https:\/\/taekwondosanlorenzo.es\/Blog\/wp-json\/wp\/v2\/pages\/480\/revisions\/2602"}],"wp:attachment":[{"href":"https:\/\/taekwondosanlorenzo.es\/Blog\/wp-json\/wp\/v2\/media?parent=480"}],"curies":[{"name":"wp","href":"https:\/\/api.w.org\/{rel}","templated":true}]}}