{"id":14,"date":"2016-04-03T20:18:38","date_gmt":"2016-04-03T20:18:38","guid":{"rendered":"http:\/\/taekwondosanlorenzo.es\/Blog\/?page_id=14"},"modified":"2025-12-27T06:59:47","modified_gmt":"2025-12-27T06:59:47","slug":"profesores","status":"publish","type":"page","link":"https:\/\/taekwondosanlorenzo.es\/Blog\/profesores\/","title":{"rendered":"Profesores"},"content":{"rendered":"\n<div class=\"wp-block-buttons is-content-justification-center is-layout-flex wp-container-core-buttons-is-layout-16018d1d wp-block-buttons-is-layout-flex\"><\/div>\n\n\n\n<p>Todos nuestros Formadores cumplen con la ley 6\/2016, de 24 de Noviembre de Regulaci\u00f3n de Profesiones del deporte en la Comunidad de Madrid, estando debidamente registrados, con su titulaci\u00f3n en regla, seguro de RC Profesional y Certificado Negativo de delitos penales y sexuales para trabajar con menores. Adem\u00e1s est\u00e1n formados en el art\u00edculo 5 de la Ley Org\u00e1nica 8\/2021 de Protecci\u00f3n de la Infancia y la Adolescencia frente a la Violencia (LOPIVI), teniendo adem\u00e1s el club tres delegados de protecci\u00f3n acorde a la misma ley, debidamente titulados y registrados.<\/p>\n\n\n\n<figure class=\"wp-block-table\"><table><tbody><tr><td><strong>\u00c1ngel Luis Alberquilla Lorente<\/strong><br><br><strong>Registro Monitor Deportivo<\/strong>: 0927400728653548186995<br><strong>Delegado Protecci\u00f3n del Menor LOPIVI<\/strong>: B9KUPHCX:NV5BCJ5J:6GJA39SN<br><br><strong>Titulos<\/strong>:<br>4\u00ba Dan Entrenador nacional Taekwondo<br>1\u00ba Dan Hapkido&nbsp;<br><br><strong>Imparte clases en<\/strong>: <br>R.C. Alfonso XII San Lorenzo, Estaci\u00f3n Autobuses San Lorenzo, IES Diego Velazquez Torrelodones, CEIP Pe\u00f1alar Torrelodones, CEIP San Ignacio Torrelodones, CEIP Lourdes Torreldones, CEIP Parquelagos Torrelodones, CEIP Encinar Torrelodones.<\/td><\/tr><tr><td><strong>Laura Alberquilla del R\u00edo<\/strong><br>Registro Monitora Deportiva: 1259293204125465344113<br>Delegada Protecci\u00f3n del Menor LOPIVI: NS1XTDCX:NVG2KVEN:DKGBC93F<br><br><strong>Titulos<\/strong>:<br>3\u00ba Dan Entrenadora nacional Taekwondo<br>1\u00ba Dan Hapkido<br>Monitora Autoprotecci\u00f3n Femenina FMT<br><br><strong>Imparte clases en<\/strong>: <br>CEIP Encinar Torrelodones, CEIP Lourdes Torreldones, CEIP San Ignacio Torrelodones, CEIP Pe\u00f1alar Torrelodones, IES Diego Velazquez Torrelodones.<\/td><\/tr><tr><td><strong>Enric Navarro Navarrete<\/strong><br>Registro Director Deportivo: 0889350362958749121847<br>Registro Entrenador Deportivo: 0888988945790117757660<br>Registro Monitor Deportivo: 1239985446789747984609<br>Delegado Protecci\u00f3n del Menor LOPIVI: Z1IM2ED9:CGQBEBVX:Z1X78PBM<br><br><strong>Titulos<\/strong>:<br>4\u00ba Dan Entrenador nacional Taekwondo<br>1\u00ba Dan Hapkido&nbsp;<br>TAFAD<br><br><strong>Imparte clases en<\/strong>: <br>Estaci\u00f3n Autobuses San Lorenzo.<\/td><\/tr><tr><td><strong>Eva Alberquilla del R\u00edo<\/strong><br>Registro Monitora Deportiva: 101819215364924462442<br>Delegada Protecci\u00f3n del Menor LOPIVI: YNSDXBVK:CGLKY9IR:64G5V5YH<br><br><strong>Titulos<\/strong>:<br>2\u00ba Dan Entrenadora nacional Taekwondo<br>Maestra de Educaci\u00f3n Infantil<br>Maestra de Educaci\u00f3n Primaria<br>M\u00e1ster en Investigaci\u00f3n en Educaci\u00f3n<br><br><strong>Imparte clases en<\/strong>: <br>CEIP El Parque Galapagar, CEIP Lourdes Torreldones, CEIP Pe\u00f1alar Torrelodones, CEIP San Ignacio Torrelodones.<\/td><\/tr><tr><td><strong>\u00c1ngeles Mart\u00edn Niella<\/strong><br>Registro Monitora Deportiva: 0890286569621947141970<br><br><strong>Titulos<\/strong>:<br>3\u00ba Dan Monitora de Taekwondo<br>Maestra de Educaci\u00f3n infantil<br>Graduada en primaria con PT<br><br><strong>Imparte clases en<\/strong>: <br>CEIP Pe\u00f1alar Torrelodones, CEIP San Ignacio Torrelodones, IES Diego Velazquez Torrelodones.<\/td><\/tr><tr><td><strong>Rafael Arc\u00e1ngel L\u00f3pez Serrano<\/strong><br>Registro Monitor Deportivo: 1222400018345616204275<br><br><strong>Titulos<\/strong>:<br>2\u00ba Dan Monitor de Taekwondo<br><br><strong>Imparte clases en<\/strong>: <br>CEIP Leonardo Davinci Moralzalzal, R.C. Alfonso XII San Lorenzo, Estaci\u00f3n Autobuses San Lorenzo, IES Diego Velazquez Torrelodones.<\/td><\/tr><tr><td><strong>Jes\u00fas Bernardos L\u00f3pez<\/strong><br>Registro Monitor Deportivo: 0963281732619988660594<br><br><strong>Titulos<\/strong>:<br>2\u00ba Dan Monitor de Taekwondo<br><br><strong>Imparte clases en<\/strong>: <br>Polideportivo Hoyo de Manzanares, IES Diego Velazquez Torrelodones, CEIP Encinar Torrelodones.<\/td><\/tr><tr><td><strong>Esther Moreno Morales<\/strong><br>Registro Monitora Deportiva: 1056523439069329193792<br><br><strong>Titulos<\/strong>:<br>1\u00ba Dan Monitor de Taekwondo<br><br><strong>Imparte clases en<\/strong>: <br>CEIP Encinar Torrelodones, CEIP El Parque Galapagar, CEIP Lourdes Torreldones.<\/td><\/tr><tr><td><strong>Junior Joel Zevallos Rodr\u00edguez<\/strong><br>Registro Monitor Deportivo: <br><br><strong>Titulos<\/strong>:<br>1\u00ba Dan Monitor de Taekwondo<br><br><strong>Imparte clases en<\/strong>: <br>CEIP Tierno Galv\u00e1n Collado Villalba, Urbanizaci\u00f3n El Guijo Galapagar, CEIP Encinar Torrelodones.<\/td><\/tr><tr><td><\/td><\/tr><\/tbody><\/table><\/figure>\n\n\n","protected":false},"excerpt":{"rendered":"<p>Todos nuestros Formadores cumplen con la ley 6\/2016, de 24 de Noviembre de Regulaci\u00f3n de Profesiones del deporte en la Comunidad de Madrid, estando debidamente registrados, con su titulaci\u00f3n en regla, seguro de RC Profesional y Certificado Negativo de delitos penales y sexuales para trabajar con menores. Adem\u00e1s est\u00e1n formados en el art\u00edculo 5 de [&hellip;]<\/p>\n","protected":false},"author":4,"featured_media":0,"parent":0,"menu_order":0,"comment_status":"closed","ping_status":"closed","template":"","meta":{"_exactmetrics_skip_tracking":false,"_exactmetrics_sitenote_active":false,"_exactmetrics_sitenote_note":"","_exactmetrics_sitenote_category":0,"_joinchat":[],"footnotes":""},"class_list":["post-14","page","type-page","status-publish","hentry"],"_links":{"self":[{"href":"https:\/\/taekwondosanlorenzo.es\/Blog\/wp-json\/wp\/v2\/pages\/14","targetHints":{"allow":["GET"]}}],"collection":[{"href":"https:\/\/taekwondosanlorenzo.es\/Blog\/wp-json\/wp\/v2\/pages"}],"about":[{"href":"https:\/\/taekwondosanlorenzo.es\/Blog\/wp-json\/wp\/v2\/types\/page"}],"author":[{"embeddable":true,"href":"https:\/\/taekwondosanlorenzo.es\/Blog\/wp-json\/wp\/v2\/users\/4"}],"replies":[{"embeddable":true,"href":"https:\/\/taekwondosanlorenzo.es\/Blog\/wp-json\/wp\/v2\/comments?post=14"}],"version-history":[{"count":34,"href":"https:\/\/taekwondosanlorenzo.es\/Blog\/wp-json\/wp\/v2\/pages\/14\/revisions"}],"predecessor-version":[{"id":2629,"href":"https:\/\/taekwondosanlorenzo.es\/Blog\/wp-json\/wp\/v2\/pages\/14\/revisions\/2629"}],"wp:attachment":[{"href":"https:\/\/taekwondosanlorenzo.es\/Blog\/wp-json\/wp\/v2\/media?parent=14"}],"curies":[{"name":"wp","href":"https:\/\/api.w.org\/{rel}","templated":true}]}}