{"id":131,"date":"2016-04-04T10:29:40","date_gmt":"2016-04-04T10:29:40","guid":{"rendered":"http:\/\/taekwondosanlorenzo.es\/Blog\/?page_id=131"},"modified":"2016-04-04T13:01:08","modified_gmt":"2016-04-04T13:01:08","slug":"urbanizacion-el-guijo-galapagar","status":"publish","type":"page","link":"https:\/\/taekwondosanlorenzo.es\/Blog\/urbanizacion-el-guijo-galapagar\/","title":{"rendered":"Urbanizaci\u00f3n El Guijo Galapagar"},"content":{"rendered":"<p><span style=\"text-decoration: underline;\"><span style=\"color: #000000; text-decoration: underline;\">Taekwondo Benjam\u00edn desde los 3 a\u00f1os:<\/span><\/span><br \/>\nLunes y Mi\u00e9rcoles de 17:30h a 18:30h<\/p>\n<p><span style=\"text-decoration: underline;\"><span style=\"color: #000000; text-decoration: underline;\">Taekwondo Infantil desde los 8 a\u00f1os:<\/span><\/span><br \/>\nLunes y Mi\u00e9rcoles de 18:30h a 19:30h<\/p>\n<p><span style=\"text-decoration: underline;\">Profesor Titular:<\/span> Junior Zevallos<\/p>\n<p><iframe loading=\"lazy\" width=\"640\" height=\"480\" src=\"https:\/\/www.youtube-nocookie.com\/embed\/_Vq_ce8JA74?rel=0\" frameborder=\"0\" allowfullscreen><\/iframe><\/p>\n","protected":false},"excerpt":{"rendered":"<p>Taekwondo Benjam\u00edn desde los 3 a\u00f1os: Lunes y Mi\u00e9rcoles de 17:30h a 18:30h Taekwondo Infantil desde los 8 a\u00f1os: Lunes y Mi\u00e9rcoles de 18:30h a 19:30h Profesor Titular: Junior Zevallos<\/p>\n","protected":false},"author":1,"featured_media":0,"parent":0,"menu_order":0,"comment_status":"closed","ping_status":"closed","template":"","meta":{"_exactmetrics_skip_tracking":false,"_exactmetrics_sitenote_active":false,"_exactmetrics_sitenote_note":"","_exactmetrics_sitenote_category":0,"_joinchat":[],"footnotes":""},"class_list":["post-131","page","type-page","status-publish","hentry"],"_links":{"self":[{"href":"https:\/\/taekwondosanlorenzo.es\/Blog\/wp-json\/wp\/v2\/pages\/131","targetHints":{"allow":["GET"]}}],"collection":[{"href":"https:\/\/taekwondosanlorenzo.es\/Blog\/wp-json\/wp\/v2\/pages"}],"about":[{"href":"https:\/\/taekwondosanlorenzo.es\/Blog\/wp-json\/wp\/v2\/types\/page"}],"author":[{"embeddable":true,"href":"https:\/\/taekwondosanlorenzo.es\/Blog\/wp-json\/wp\/v2\/users\/1"}],"replies":[{"embeddable":true,"href":"https:\/\/taekwondosanlorenzo.es\/Blog\/wp-json\/wp\/v2\/comments?post=131"}],"version-history":[{"count":5,"href":"https:\/\/taekwondosanlorenzo.es\/Blog\/wp-json\/wp\/v2\/pages\/131\/revisions"}],"predecessor-version":[{"id":171,"href":"https:\/\/taekwondosanlorenzo.es\/Blog\/wp-json\/wp\/v2\/pages\/131\/revisions\/171"}],"wp:attachment":[{"href":"https:\/\/taekwondosanlorenzo.es\/Blog\/wp-json\/wp\/v2\/media?parent=131"}],"curies":[{"name":"wp","href":"https:\/\/api.w.org\/{rel}","templated":true}]}}