{"id":124,"date":"2016-04-04T10:28:27","date_gmt":"2016-04-04T10:28:27","guid":{"rendered":"http:\/\/taekwondosanlorenzo.es\/Blog\/?page_id=124"},"modified":"2021-09-23T12:38:03","modified_gmt":"2021-09-23T12:38:03","slug":"real-colegio-alfonso-xii-san-lorenzo","status":"publish","type":"page","link":"https:\/\/taekwondosanlorenzo.es\/Blog\/real-colegio-alfonso-xii-san-lorenzo\/","title":{"rendered":"Real Colegio Alfonso XII San Lorenzo"},"content":{"rendered":"<p><span style=\"text-decoration: underline;\"><span style=\"color: #000000; text-decoration: underline;\">Taekwondo Benjam\u00edn desde 3 a\u00f1os:<\/span><\/span><br \/>\nLunes y Mi\u00e9rcoles de 16:30h a 17:30h<\/p>\n<p><span style=\"text-decoration: underline;\"><span style=\"color: #000000; text-decoration: underline;\">Taekwondo Infantil desde 6 a\u00f1os:<\/span><\/span><br \/>\nLunes y Mi\u00e9rcoles de 17:00h a 18:00h<\/p>\n<p><span style=\"text-decoration: underline;\">Profesores:<\/span> \u00c1ngel Alberquilla, Laura Alberquilla<\/p>\n<p><iframe loading=\"lazy\" src=\"https:\/\/www.youtube-nocookie.com\/embed\/NukYAGflEso?rel=0\" width=\"853\" height=\"480\" frameborder=\"0\" allowfullscreen=\"allowfullscreen\"><\/iframe><\/p>\n","protected":false},"excerpt":{"rendered":"<p>Taekwondo Benjam\u00edn desde 3 a\u00f1os: Lunes y Mi\u00e9rcoles de 16:30h a 17:30h Taekwondo Infantil desde 6 a\u00f1os: Lunes y Mi\u00e9rcoles de 17:00h a 18:00h Profesores: \u00c1ngel Alberquilla, Laura Alberquilla<\/p>\n","protected":false},"author":1,"featured_media":0,"parent":0,"menu_order":0,"comment_status":"closed","ping_status":"closed","template":"","meta":{"_exactmetrics_skip_tracking":false,"_exactmetrics_sitenote_active":false,"_exactmetrics_sitenote_note":"","_exactmetrics_sitenote_category":0,"_joinchat":[],"footnotes":""},"class_list":["post-124","page","type-page","status-publish","hentry"],"_links":{"self":[{"href":"https:\/\/taekwondosanlorenzo.es\/Blog\/wp-json\/wp\/v2\/pages\/124","targetHints":{"allow":["GET"]}}],"collection":[{"href":"https:\/\/taekwondosanlorenzo.es\/Blog\/wp-json\/wp\/v2\/pages"}],"about":[{"href":"https:\/\/taekwondosanlorenzo.es\/Blog\/wp-json\/wp\/v2\/types\/page"}],"author":[{"embeddable":true,"href":"https:\/\/taekwondosanlorenzo.es\/Blog\/wp-json\/wp\/v2\/users\/1"}],"replies":[{"embeddable":true,"href":"https:\/\/taekwondosanlorenzo.es\/Blog\/wp-json\/wp\/v2\/comments?post=124"}],"version-history":[{"count":8,"href":"https:\/\/taekwondosanlorenzo.es\/Blog\/wp-json\/wp\/v2\/pages\/124\/revisions"}],"predecessor-version":[{"id":1228,"href":"https:\/\/taekwondosanlorenzo.es\/Blog\/wp-json\/wp\/v2\/pages\/124\/revisions\/1228"}],"wp:attachment":[{"href":"https:\/\/taekwondosanlorenzo.es\/Blog\/wp-json\/wp\/v2\/media?parent=124"}],"curies":[{"name":"wp","href":"https:\/\/api.w.org\/{rel}","templated":true}]}}