{"id":12,"date":"2016-04-03T20:18:31","date_gmt":"2016-04-03T20:18:31","guid":{"rendered":"http:\/\/taekwondosanlorenzo.es\/Blog\/?page_id=12"},"modified":"2023-09-12T09:21:20","modified_gmt":"2023-09-12T09:21:20","slug":"nuestro-club","status":"publish","type":"page","link":"https:\/\/taekwondosanlorenzo.es\/Blog\/nuestro-club\/","title":{"rendered":"Nuestra escuela"},"content":{"rendered":"\n<p><span style=\"color: #000000;\">Nuestra escuela esta formada por profesionales del sector de las artes marciales con gran recorrido en la docencia, los cuales no s\u00f3lo pretenden ense\u00f1ar un arte marcial, si no que pretendemos que nuestra escuela sea mucho m\u00e1s que un lugar d\u00f3nde la gente practique deporte, nuestra intenci\u00f3n es crear una gran familia dentro y fuera de la escuela d\u00f3nde pasar las tardes no s\u00f3lo entrenando, sino entre verdaderos amigos. <\/span><\/p>\n\n\n\n<p>Mediante el deporte educamos en valores, beneficiando as\u00ed: Autoestima, concentraci\u00f3n, respeto, confianza en s\u00ed mismo, disciplina, forma f\u00edsica entre otros.<\/p>\n\n\n\n<h1 class=\"wp-block-heading\">\u00bfQu\u00e9 hacemos? <\/h1>\n\n\n\n<p>(Para ni\u00f1os desde 4 a\u00f1os)<br>\u2022 Nuestra Filosof\u00eda es la educaci\u00f3n en Valores a trav\u00e9s del deporte, usando las artes marciales como excusa para desarrollar una labor integradora y educativa que va mucho m\u00e1s all\u00e1 del \u00e1mbito de la competici\u00f3n Deportiva sin excluirla.<br>\u2022 Definimos nuestro taekwondo como un proyecto Educativo-Recreativo-Deportivo, donde el juego es el motor que mueve las condiciones id\u00f3neas para permitir crear escenarios a trav\u00e9s de los cuales educar en: igualdad, respeto, tolerancia, esfuerzo, constancia o liderazgo entre otros.<\/p>\n\n\n\n<h1 class=\"_aacl _aaco _aacu _aacx _aad7 _aade\" dir=\"auto\">Grupos para adultos<\/h1>\n<h4 class=\"_aacl _aaco _aacu _aacx _aad7 _aade\" dir=\"auto\"><br \/>\u2022 Entrenamos un arte marcial, un deporte ol\u00edmpico y un sistema efectivo de defensa personal y autoprotecci\u00f3n.<\/h4>\n<h4 class=\"_aacl _aaco _aacu _aacx _aad7 _aade\" dir=\"auto\">\u2022 Todo ello nos da unos beneficios no s\u00f3lo f\u00edsicos si no un <b>buen equilibrio entre cuerpo y mente. D<\/b><b>esarrollando as\u00ed m\u00e1s confianza en s\u00ed mismo, mejor forma f\u00edsica (<strong>mejoras en tu equilibrio, agilidad, flexibilidad, resistencia, fuerza, postura&#8230;)<\/strong> , autocontrol<strong>, concentraci\u00f3n, disciplina entre otros.<\/strong><\/b><\/h4>\n<p>\u00a0<\/p>\n<p>\u00a0<\/p>\n\n\n","protected":false},"excerpt":{"rendered":"<p>Nuestra escuela esta formada por profesionales del sector de las artes marciales con gran recorrido en la docencia, los cuales no s\u00f3lo pretenden ense\u00f1ar un arte marcial, si no que pretendemos que nuestra escuela sea mucho m\u00e1s que un lugar d\u00f3nde la gente practique deporte, nuestra intenci\u00f3n es crear una gran familia dentro y fuera [&hellip;]<\/p>\n","protected":false},"author":4,"featured_media":0,"parent":0,"menu_order":0,"comment_status":"closed","ping_status":"closed","template":"","meta":{"_exactmetrics_skip_tracking":false,"_exactmetrics_sitenote_active":false,"_exactmetrics_sitenote_note":"","_exactmetrics_sitenote_category":0,"_joinchat":[],"footnotes":""},"class_list":["post-12","page","type-page","status-publish","hentry"],"_links":{"self":[{"href":"https:\/\/taekwondosanlorenzo.es\/Blog\/wp-json\/wp\/v2\/pages\/12","targetHints":{"allow":["GET"]}}],"collection":[{"href":"https:\/\/taekwondosanlorenzo.es\/Blog\/wp-json\/wp\/v2\/pages"}],"about":[{"href":"https:\/\/taekwondosanlorenzo.es\/Blog\/wp-json\/wp\/v2\/types\/page"}],"author":[{"embeddable":true,"href":"https:\/\/taekwondosanlorenzo.es\/Blog\/wp-json\/wp\/v2\/users\/4"}],"replies":[{"embeddable":true,"href":"https:\/\/taekwondosanlorenzo.es\/Blog\/wp-json\/wp\/v2\/comments?post=12"}],"version-history":[{"count":12,"href":"https:\/\/taekwondosanlorenzo.es\/Blog\/wp-json\/wp\/v2\/pages\/12\/revisions"}],"predecessor-version":[{"id":2271,"href":"https:\/\/taekwondosanlorenzo.es\/Blog\/wp-json\/wp\/v2\/pages\/12\/revisions\/2271"}],"wp:attachment":[{"href":"https:\/\/taekwondosanlorenzo.es\/Blog\/wp-json\/wp\/v2\/media?parent=12"}],"curies":[{"name":"wp","href":"https:\/\/api.w.org\/{rel}","templated":true}]}}